{"id":28,"date":"2020-01-17T16:09:08","date_gmt":"2020-01-17T13:09:08","guid":{"rendered":"https:\/\/estec.com.ua\/ro\/kontakty\/"},"modified":"2026-03-06T15:22:59","modified_gmt":"2026-03-06T13:22:59","slug":"contacte","status":"publish","type":"page","link":"https:\/\/estec.com.ua\/ro\/contacte\/","title":{"rendered":"Contacte"},"content":{"rendered":"<p><a href=\"https:\/\/goo.gl\/maps\/Ad4THaRqQYNAgCLw5\"><br \/>\n<img loading=\"lazy\" decoding=\"async\" class=\"aligncenter wp-image-418 size-full\" title=\"Compania ECT pe Google Maps\" src=\"https:\/\/estec.com.ua\/ro\/wp-content\/uploads\/sites\/5\/2020\/01\/map-2.png\" alt=\"Compania ECT pe Google Maps\" width=\"1070\" height=\"860\" \/><br \/>\n<\/a><\/p>\n<h2 style=\"text-align: center;\">Produc\u021bie<\/h2>\n<p>SRL &#8222;E S T&#8221;<\/p>\n<p>Ucraina, regiunea J\u00eetom\u00eer,<br \/>\nJ\u00eetom\u00eer, str. Kooperativna, 7<\/p>\n<h2 style=\"text-align: center;\">Birou<\/h2>\n<p>SRL &#8222;E S T&#8221;<\/p>\n<p>Ucraina, regiunea J\u00eetom\u00eer,<br \/>\nJ\u00eetom\u00eer, str. Kooperativna, 7<\/p>\n<h4>Departamentul de v\u00e2nz\u0103ri<\/h4>\n<p><strong>Victor Kalinichenko<\/strong> (Manager vorbitor de limba englez\u0103)<\/p>\n<div>\n<p><a href=\"tel:+380671599908\">+38 067 159 99 08<\/a><br \/>\n<a href=\"tel:+380959070028\">+38 095 907 00 28<\/a> (serviciu)<\/p>\n<p><a href=\"https:\/\/api.whatsapp.com\/send?phone=+380671599908\" target=\"_blank\" rel=\"noopener\"><i class=\"fab fa-whatsapp\"><\/i> WhatsApp<\/a><br \/>\n<a href=\"https:\/\/t.me\/Victor_Kalinichenko_EST\" target=\"_blank\" rel=\"noopener\"><i class=\"fab fa-telegram\"><\/i> Telegram<\/a><br \/>\n<a href=\"viber:\/\/chat?number=%2B380671599908\" target=\"_blank\" rel=\"noopener\"> Viber Chat<\/a><\/p>\n<\/div>\n<p><a href=\"mailto:profit@estec.com.ua\">profit@estec.com.ua<\/a><br \/>\n<a href=\"mailto:service.manager.est@gmail.com\">service.manager.est@gmail.com<\/a><\/p>\n<h4>Departamentul de achizi\u021bii<\/h4>\n<p><a href=\"tel:+380669070006\">+38 066 907 0006<\/a><\/p>\n<p><a href=\"mailto:snab@estec.com.ua\">snab@estec.com.ua<\/a><\/p>\n<hr \/>\n<h2 class=\"oh heading-size-2 text-width-large\" style=\"text-align: center;\"><span class=\"d-inline-block wow slideInDown\" data-wow-delay=\"0s\">DORI\u021aI S\u0102 VIZITA\u021aI UNITATEA DE PRODUC\u021aIE?<\/span><\/h2>\n<h5 class=\"oh text-width-large mt-4\" style=\"text-align: center;\"><span class=\"d-inline-block wow slideInUp\" data-wow-delay=\".1s\">SUNTEM GATA S\u0102 V\u0102 OFERIM O VIZIT\u0102 LA UNITATEA OPERA\u021aIONAL\u0102 PENTRU O DEMONSTRA\u021aIE VIZUAL\u0102 A FUNC\u021aION\u0102RII ECHIPAMENTELOR. \u00ceN ACEST SCOP, COMPLETA\u021aI TOATE C\u00c2MPURILE FORMULARULUI \u0218I TRIMITE\u021aI-NI-L.<\/span><\/h5>\n<p style=\"text-align: center;\">\n<div class=\"wpcf7 no-js\" id=\"wpcf7-f273-o1\" lang=\"ru-RU\" dir=\"ltr\" data-wpcf7-id=\"273\">\n<div class=\"screen-reader-response\"><p role=\"status\" aria-live=\"polite\" aria-atomic=\"true\"><\/p> <ul><\/ul><\/div>\n<form action=\"\/ro\/wp-json\/wp\/v2\/pages\/28#wpcf7-f273-o1\" method=\"post\" class=\"wpcf7-form init\" aria-label=\"\u041a\u043e\u043d\u0442\u0430\u043a\u0442\u043d\u0430\u044f \u0444\u043e\u0440\u043c\u0430\" novalidate=\"novalidate\" data-status=\"init\">\n<fieldset class=\"hidden-fields-container\"><input type=\"hidden\" name=\"_wpcf7\" value=\"273\" \/><input type=\"hidden\" name=\"_wpcf7_version\" value=\"6.1.1\" \/><input type=\"hidden\" name=\"_wpcf7_locale\" value=\"ru_RU\" \/><input type=\"hidden\" name=\"_wpcf7_unit_tag\" value=\"wpcf7-f273-o1\" \/><input type=\"hidden\" name=\"_wpcf7_container_post\" value=\"0\" \/><input type=\"hidden\" name=\"_wpcf7_posted_data_hash\" value=\"\" \/><input type=\"hidden\" name=\"_wpcf7_recaptcha_response\" value=\"\" \/>\n<\/fieldset>\n<p><span class=\"wpcf7-form-control-wrap\" data-name=\"your-name\"><input size=\"40\" maxlength=\"400\" class=\"wpcf7-form-control wpcf7-text wpcf7-validates-as-required button-lg wow fadeInUp\" aria-required=\"true\" aria-invalid=\"false\" placeholder=\"Nume (obligatoriu)\" value=\"\" type=\"text\" name=\"your-name\" \/><\/span>\n<\/p>\n<p><span class=\"wpcf7-form-control-wrap\" data-name=\"your-email\"><input size=\"40\" maxlength=\"400\" class=\"wpcf7-form-control wpcf7-email wpcf7-validates-as-required wpcf7-text wpcf7-validates-as-email button-lg wow fadeInUp\" aria-required=\"true\" aria-invalid=\"false\" placeholder=\"Email (obligatoriu)\" value=\"\" type=\"email\" name=\"your-email\" \/><\/span>\n<\/p>\n<p><span class=\"wpcf7-form-control-wrap\" data-name=\"your-tel\"><input size=\"40\" maxlength=\"400\" class=\"wpcf7-form-control wpcf7-tel wpcf7-validates-as-required wpcf7-text wpcf7-validates-as-tel button-lg wow fadeInUp\" aria-required=\"true\" aria-invalid=\"false\" placeholder=\"Num\u0103r de telefon (obligatoriu)\" value=\"\" type=\"tel\" name=\"your-tel\" \/><\/span>\n<\/p>\n\n<p><input class=\"wpcf7-form-control wpcf7-submit has-spinner button button-lg button-primary button-winona wow fadeInUp\" type=\"submit\" value=\"Trimite cererea\" \/>\n<\/p><input type='hidden' class='wpcf7-pum' value='{\"closepopup\":false,\"closedelay\":0,\"openpopup\":false,\"openpopup_id\":0}' \/><div class=\"wpcf7-response-output\" aria-hidden=\"true\"><\/div>\n<\/form>\n<\/div>\n\n","protected":false},"excerpt":{"rendered":"<p>Produc\u021bie SRL &#8222;E S T&#8221; Ucraina, regiunea J\u00eetom\u00eer, J\u00eetom\u00eer, str. Kooperativna, 7 Birou SRL &#8222;E S T&#8221; Ucraina, regiunea J\u00eetom\u00eer, J\u00eetom\u00eer, str. Kooperativna, 7 Departamentul de v\u00e2nz\u0103ri Victor Kalinichenko (Manager&#8230;<\/p>\n","protected":false},"author":1,"featured_media":0,"parent":0,"menu_order":12,"comment_status":"closed","ping_status":"closed","template":"","meta":{"footnotes":""},"class_list":["post-28","page","type-page","status-publish"],"yoast_head":"<!-- This site is optimized with the Yoast SEO plugin v25.6 - https:\/\/yoast.com\/wordpress\/plugins\/seo\/ -->\n<title>Contacte \u1405 Contacta\u021bi exper\u021bii EST | Solicit\u0103ri \u0219i consultan\u021b\u0103<\/title>\n<meta name=\"description\" content=\"Contacta\u021bi echipa EST pentru consultan\u021b\u0103 profesional\u0103 \u0219i oferte \u25b7 Informa\u021bii de contact \u25b7 R\u0103spunsuri rapide \u25b7 Solu\u021bii personalizate \u25b7 Asisten\u021b\u0103 tehnic\u0103 \u25b7 Solicita\u021bi o ofert\u0103 ast\u0103zi\" \/>\n<meta name=\"robots\" content=\"index, follow, max-snippet:-1, max-image-preview:large, max-video-preview:-1\" \/>\n<link rel=\"canonical\" href=\"https:\/\/estec.com.ua\/ro\/contacte\/\" \/>\n<meta property=\"og:locale\" content=\"ro_RO\" \/>\n<meta property=\"og:type\" content=\"article\" \/>\n<meta property=\"og:title\" content=\"Contacte \u1405 Contacta\u021bi exper\u021bii EST | Solicit\u0103ri \u0219i consultan\u021b\u0103\" \/>\n<meta property=\"og:description\" content=\"Contacta\u021bi echipa EST pentru consultan\u021b\u0103 profesional\u0103 \u0219i oferte \u25b7 Informa\u021bii de contact \u25b7 R\u0103spunsuri rapide \u25b7 Solu\u021bii personalizate \u25b7 Asisten\u021b\u0103 tehnic\u0103 \u25b7 Solicita\u021bi o ofert\u0103 ast\u0103zi\" \/>\n<meta property=\"og:url\" content=\"https:\/\/estec.com.ua\/ro\/contacte\/\" \/>\n<meta property=\"og:site_name\" content=\"EST - Liderii solu\u021biilor inovatoare\" \/>\n<meta property=\"article:modified_time\" content=\"2026-03-06T13:22:59+00:00\" \/>\n<meta property=\"og:image\" content=\"https:\/\/estec.com.ua\/ro\/wp-content\/uploads\/sites\/5\/2020\/01\/map-2-1.png\" \/>\n\t<meta property=\"og:image:width\" content=\"1070\" \/>\n\t<meta property=\"og:image:height\" content=\"860\" \/>\n\t<meta property=\"og:image:type\" content=\"image\/png\" \/>\n<meta name=\"twitter:card\" content=\"summary_large_image\" \/>\n<meta name=\"twitter:label1\" content=\"Timp estimat pentru citire\" \/>\n\t<meta name=\"twitter:data1\" content=\"1 minut\" \/>\n<!-- \/ Yoast SEO plugin. -->","yoast_head_json":{"title":"Contacte \u1405 Contacta\u021bi exper\u021bii EST | Solicit\u0103ri \u0219i consultan\u021b\u0103","description":"Contacta\u021bi echipa EST pentru consultan\u021b\u0103 profesional\u0103 \u0219i oferte \u25b7 Informa\u021bii de contact \u25b7 R\u0103spunsuri rapide \u25b7 Solu\u021bii personalizate \u25b7 Asisten\u021b\u0103 tehnic\u0103 \u25b7 Solicita\u021bi o ofert\u0103 ast\u0103zi","robots":{"index":"index","follow":"follow","max-snippet":"max-snippet:-1","max-image-preview":"max-image-preview:large","max-video-preview":"max-video-preview:-1"},"canonical":"https:\/\/estec.com.ua\/ro\/contacte\/","og_locale":"ro_RO","og_type":"article","og_title":"Contacte \u1405 Contacta\u021bi exper\u021bii EST | Solicit\u0103ri \u0219i consultan\u021b\u0103","og_description":"Contacta\u021bi echipa EST pentru consultan\u021b\u0103 profesional\u0103 \u0219i oferte \u25b7 Informa\u021bii de contact \u25b7 R\u0103spunsuri rapide \u25b7 Solu\u021bii personalizate \u25b7 Asisten\u021b\u0103 tehnic\u0103 \u25b7 Solicita\u021bi o ofert\u0103 ast\u0103zi","og_url":"https:\/\/estec.com.ua\/ro\/contacte\/","og_site_name":"EST - Liderii solu\u021biilor inovatoare","article_modified_time":"2026-03-06T13:22:59+00:00","og_image":[{"width":1070,"height":860,"url":"https:\/\/estec.com.ua\/ro\/wp-content\/uploads\/sites\/5\/2020\/01\/map-2-1.png","type":"image\/png"}],"twitter_card":"summary_large_image","twitter_misc":{"Timp estimat pentru citire":"1 minut"},"schema":{"@context":"https:\/\/schema.org","@graph":[{"@type":"WebPage","@id":"https:\/\/estec.com.ua\/ro\/contacte\/","url":"https:\/\/estec.com.ua\/ro\/contacte\/","name":"Contacte \u1405 Contacta\u021bi exper\u021bii EST | Solicit\u0103ri \u0219i consultan\u021b\u0103","isPartOf":{"@id":"https:\/\/estec.com.ua\/ro\/#website"},"primaryImageOfPage":{"@id":"https:\/\/estec.com.ua\/ro\/contacte\/#primaryimage"},"image":{"@id":"https:\/\/estec.com.ua\/ro\/contacte\/#primaryimage"},"thumbnailUrl":"https:\/\/estec.com.ua\/ro\/wp-content\/uploads\/sites\/5\/2020\/01\/map-2.png","datePublished":"2020-01-17T13:09:08+00:00","dateModified":"2026-03-06T13:22:59+00:00","description":"Contacta\u021bi echipa EST pentru consultan\u021b\u0103 profesional\u0103 \u0219i oferte \u25b7 Informa\u021bii de contact \u25b7 R\u0103spunsuri rapide \u25b7 Solu\u021bii personalizate \u25b7 Asisten\u021b\u0103 tehnic\u0103 \u25b7 Solicita\u021bi o ofert\u0103 ast\u0103zi","breadcrumb":{"@id":"https:\/\/estec.com.ua\/ro\/contacte\/#breadcrumb"},"inLanguage":"ro-RO","potentialAction":[{"@type":"ReadAction","target":["https:\/\/estec.com.ua\/ro\/contacte\/"]}]},{"@type":"ImageObject","inLanguage":"ro-RO","@id":"https:\/\/estec.com.ua\/ro\/contacte\/#primaryimage","url":"https:\/\/estec.com.ua\/ro\/wp-content\/uploads\/sites\/5\/2020\/01\/map-2-1.png","contentUrl":"https:\/\/estec.com.ua\/ro\/wp-content\/uploads\/sites\/5\/2020\/01\/map-2-1.png","width":1070,"height":860},{"@type":"BreadcrumbList","@id":"https:\/\/estec.com.ua\/ro\/contacte\/#breadcrumb","itemListElement":[{"@type":"ListItem","position":1,"name":"\u0413\u043e\u043b\u043e\u0432\u043d\u0430","item":"https:\/\/estec.com.ua\/ro\/"},{"@type":"ListItem","position":2,"name":"Contacte"}]},{"@type":"WebSite","@id":"https:\/\/estec.com.ua\/ro\/#website","url":"https:\/\/estec.com.ua\/ro\/","name":"EST - Liderii solu\u021biilor inovatoare","description":"Produc\u021bia de echipamente inovatoare pentru industria alimentar\u0103","potentialAction":[{"@type":"SearchAction","target":{"@type":"EntryPoint","urlTemplate":"https:\/\/estec.com.ua\/ro\/?s={search_term_string}"},"query-input":{"@type":"PropertyValueSpecification","valueRequired":true,"valueName":"search_term_string"}}],"inLanguage":"ro-RO"}]}},"_links":{"self":[{"href":"https:\/\/estec.com.ua\/ro\/wp-json\/wp\/v2\/pages\/28","targetHints":{"allow":["GET"]}}],"collection":[{"href":"https:\/\/estec.com.ua\/ro\/wp-json\/wp\/v2\/pages"}],"about":[{"href":"https:\/\/estec.com.ua\/ro\/wp-json\/wp\/v2\/types\/page"}],"author":[{"embeddable":true,"href":"https:\/\/estec.com.ua\/ro\/wp-json\/wp\/v2\/users\/1"}],"replies":[{"embeddable":true,"href":"https:\/\/estec.com.ua\/ro\/wp-json\/wp\/v2\/comments?post=28"}],"version-history":[{"count":5,"href":"https:\/\/estec.com.ua\/ro\/wp-json\/wp\/v2\/pages\/28\/revisions"}],"predecessor-version":[{"id":2789,"href":"https:\/\/estec.com.ua\/ro\/wp-json\/wp\/v2\/pages\/28\/revisions\/2789"}],"wp:attachment":[{"href":"https:\/\/estec.com.ua\/ro\/wp-json\/wp\/v2\/media?parent=28"}],"curies":[{"name":"wp","href":"https:\/\/api.w.org\/{rel}","templated":true}]}}