{"id":316,"date":"2020-01-24T17:35:58","date_gmt":"2020-01-24T14:35:58","guid":{"rendered":"https:\/\/estec.com.ua\/ro\/?page_id=316"},"modified":"2025-05-09T15:45:10","modified_gmt":"2025-05-09T12:45:10","slug":"baie-de-racire-t-2100","status":"publish","type":"page","link":"https:\/\/estec.com.ua\/ro\/echipamente-auxiliare\/baie-de-racire-t-2100\/","title":{"rendered":"Baie de r\u0103cire T-2100"},"content":{"rendered":"","protected":false},"excerpt":{"rendered":"","protected":false},"author":1,"featured_media":0,"parent":17,"menu_order":6,"comment_status":"closed","ping_status":"closed","template":"","meta":{"footnotes":""},"class_list":["post-316","page","type-page","status-publish"],"yoast_head":"<!-- This site is optimized with the Yoast SEO plugin v25.6 - https:\/\/yoast.com\/wordpress\/plugins\/seo\/ -->\n<title>Baie de r\u0103cire T-2100 \u1405 R\u0103cire eficient\u0103 pentru industria alimentar\u0103 | EST<\/title>\n<meta name=\"description\" content=\"Baie de r\u0103cire de \u00eenalt\u0103 calitate T-2100 de la produc\u0103torul EST \u25b7 Tehnologie inovatoare \u25b7 R\u0103cire rapid\u0103 \u25b7 Construc\u021bie fiabil\u0103 \u25b7 Calitate garantat\u0103 \u25b7 Contacta\u021bi-ne ast\u0103zi\" \/>\n<meta name=\"robots\" content=\"index, follow, max-snippet:-1, max-image-preview:large, max-video-preview:-1\" \/>\n<link rel=\"canonical\" href=\"https:\/\/estec.com.ua\/ro\/echipamente-auxiliare\/baie-de-racire-t-2100\/\" \/>\n<meta property=\"og:locale\" content=\"ro_RO\" \/>\n<meta property=\"og:type\" content=\"article\" \/>\n<meta property=\"og:title\" content=\"Baie de r\u0103cire T-2100 \u1405 R\u0103cire eficient\u0103 pentru industria alimentar\u0103 | EST\" \/>\n<meta property=\"og:description\" content=\"Baie de r\u0103cire de \u00eenalt\u0103 calitate T-2100 de la produc\u0103torul EST \u25b7 Tehnologie inovatoare \u25b7 R\u0103cire rapid\u0103 \u25b7 Construc\u021bie fiabil\u0103 \u25b7 Calitate garantat\u0103 \u25b7 Contacta\u021bi-ne ast\u0103zi\" \/>\n<meta property=\"og:url\" content=\"https:\/\/estec.com.ua\/ro\/echipamente-auxiliare\/baie-de-racire-t-2100\/\" \/>\n<meta property=\"og:site_name\" content=\"EST - Liderii solu\u021biilor inovatoare\" \/>\n<meta property=\"article:modified_time\" content=\"2025-05-09T12:45:10+00:00\" \/>\n<meta name=\"twitter:card\" content=\"summary_large_image\" \/>\n<!-- \/ Yoast SEO plugin. -->","yoast_head_json":{"title":"Baie de r\u0103cire T-2100 \u1405 R\u0103cire eficient\u0103 pentru industria alimentar\u0103 | EST","description":"Baie de r\u0103cire de \u00eenalt\u0103 calitate T-2100 de la produc\u0103torul EST \u25b7 Tehnologie inovatoare \u25b7 R\u0103cire rapid\u0103 \u25b7 Construc\u021bie fiabil\u0103 \u25b7 Calitate garantat\u0103 \u25b7 Contacta\u021bi-ne ast\u0103zi","robots":{"index":"index","follow":"follow","max-snippet":"max-snippet:-1","max-image-preview":"max-image-preview:large","max-video-preview":"max-video-preview:-1"},"canonical":"https:\/\/estec.com.ua\/ro\/echipamente-auxiliare\/baie-de-racire-t-2100\/","og_locale":"ro_RO","og_type":"article","og_title":"Baie de r\u0103cire T-2100 \u1405 R\u0103cire eficient\u0103 pentru industria alimentar\u0103 | EST","og_description":"Baie de r\u0103cire de \u00eenalt\u0103 calitate T-2100 de la produc\u0103torul EST \u25b7 Tehnologie inovatoare \u25b7 R\u0103cire rapid\u0103 \u25b7 Construc\u021bie fiabil\u0103 \u25b7 Calitate garantat\u0103 \u25b7 Contacta\u021bi-ne ast\u0103zi","og_url":"https:\/\/estec.com.ua\/ro\/echipamente-auxiliare\/baie-de-racire-t-2100\/","og_site_name":"EST - Liderii solu\u021biilor inovatoare","article_modified_time":"2025-05-09T12:45:10+00:00","twitter_card":"summary_large_image","schema":{"@context":"https:\/\/schema.org","@graph":[{"@type":"WebPage","@id":"https:\/\/estec.com.ua\/ro\/echipamente-auxiliare\/baie-de-racire-t-2100\/","url":"https:\/\/estec.com.ua\/ro\/echipamente-auxiliare\/baie-de-racire-t-2100\/","name":"Baie de r\u0103cire T-2100 \u1405 R\u0103cire eficient\u0103 pentru industria alimentar\u0103 | EST","isPartOf":{"@id":"https:\/\/estec.com.ua\/ro\/#website"},"datePublished":"2020-01-24T14:35:58+00:00","dateModified":"2025-05-09T12:45:10+00:00","description":"Baie de r\u0103cire de \u00eenalt\u0103 calitate T-2100 de la produc\u0103torul EST \u25b7 Tehnologie inovatoare \u25b7 R\u0103cire rapid\u0103 \u25b7 Construc\u021bie fiabil\u0103 \u25b7 Calitate garantat\u0103 \u25b7 Contacta\u021bi-ne ast\u0103zi","breadcrumb":{"@id":"https:\/\/estec.com.ua\/ro\/echipamente-auxiliare\/baie-de-racire-t-2100\/#breadcrumb"},"inLanguage":"ro-RO","potentialAction":[{"@type":"ReadAction","target":["https:\/\/estec.com.ua\/ro\/echipamente-auxiliare\/baie-de-racire-t-2100\/"]}]},{"@type":"BreadcrumbList","@id":"https:\/\/estec.com.ua\/ro\/echipamente-auxiliare\/baie-de-racire-t-2100\/#breadcrumb","itemListElement":[{"@type":"ListItem","position":1,"name":"\u0413\u043e\u043b\u043e\u0432\u043d\u0430","item":"https:\/\/estec.com.ua\/ro\/"},{"@type":"ListItem","position":2,"name":"Echipamente auxiliare","item":"https:\/\/estec.com.ua\/ro\/echipamente-auxiliare\/"},{"@type":"ListItem","position":3,"name":"Baie de r\u0103cire T-2100"}]},{"@type":"WebSite","@id":"https:\/\/estec.com.ua\/ro\/#website","url":"https:\/\/estec.com.ua\/ro\/","name":"EST - Liderii solu\u021biilor inovatoare","description":"Produc\u021bia de echipamente inovatoare pentru industria alimentar\u0103","potentialAction":[{"@type":"SearchAction","target":{"@type":"EntryPoint","urlTemplate":"https:\/\/estec.com.ua\/ro\/?s={search_term_string}"},"query-input":{"@type":"PropertyValueSpecification","valueRequired":true,"valueName":"search_term_string"}}],"inLanguage":"ro-RO"}]}},"_links":{"self":[{"href":"https:\/\/estec.com.ua\/ro\/wp-json\/wp\/v2\/pages\/316","targetHints":{"allow":["GET"]}}],"collection":[{"href":"https:\/\/estec.com.ua\/ro\/wp-json\/wp\/v2\/pages"}],"about":[{"href":"https:\/\/estec.com.ua\/ro\/wp-json\/wp\/v2\/types\/page"}],"author":[{"embeddable":true,"href":"https:\/\/estec.com.ua\/ro\/wp-json\/wp\/v2\/users\/1"}],"replies":[{"embeddable":true,"href":"https:\/\/estec.com.ua\/ro\/wp-json\/wp\/v2\/comments?post=316"}],"version-history":[{"count":3,"href":"https:\/\/estec.com.ua\/ro\/wp-json\/wp\/v2\/pages\/316\/revisions"}],"predecessor-version":[{"id":2739,"href":"https:\/\/estec.com.ua\/ro\/wp-json\/wp\/v2\/pages\/316\/revisions\/2739"}],"up":[{"embeddable":true,"href":"https:\/\/estec.com.ua\/ro\/wp-json\/wp\/v2\/pages\/17"}],"wp:attachment":[{"href":"https:\/\/estec.com.ua\/ro\/wp-json\/wp\/v2\/media?parent=316"}],"curies":[{"name":"wp","href":"https:\/\/api.w.org\/{rel}","templated":true}]}}