{"id":318,"date":"2020-01-24T17:39:24","date_gmt":"2020-01-24T14:39:24","guid":{"rendered":"https:\/\/estec.com.ua\/ro\/?page_id=318"},"modified":"2025-05-11T10:43:23","modified_gmt":"2025-05-11T07:43:23","slug":"logistica-de-produse-conveior-lk-d10","status":"publish","type":"page","link":"https:\/\/estec.com.ua\/ro\/echipamente-auxiliare\/logistica-de-produse-conveior-lk-d10\/","title":{"rendered":"Logistic\u0103 de produse (conveior) LK-D10"},"content":{"rendered":"[vc_row type=&#8221;in_container&#8221; full_screen_row_position=&#8221;middle&#8221; column_margin=&#8221;default&#8221; scene_position=&#8221;center&#8221; text_color=&#8221;dark&#8221; text_align=&#8221;left&#8221; overlay_strength=&#8221;0.3&#8243; shape_divider_position=&#8221;bottom&#8221; bg_image_animation=&#8221;none&#8221;][vc_column column_padding=&#8221;no-extra-padding&#8221; column_padding_position=&#8221;all&#8221; background_color_opacity=&#8221;1&#8243; background_hover_color_opacity=&#8221;1&#8243; column_link_target=&#8221;_self&#8221; column_shadow=&#8221;none&#8221; column_border_radius=&#8221;none&#8221; width=&#8221;1\/1&#8243; tablet_width_inherit=&#8221;default&#8221; tablet_text_alignment=&#8221;default&#8221; phone_text_alignment=&#8221;default&#8221; overlay_strength=&#8221;0.3&#8243; column_border_width=&#8221;none&#8221; column_border_style=&#8221;solid&#8221; bg_image_animation=&#8221;none&#8221;][vc_column_text]<img loading=\"lazy\" decoding=\"async\" class=\"aligncenter wp-image-1777 size-full\" src=\"https:\/\/estec.com.ua\/ro\/wp-content\/uploads\/sites\/5\/2021\/10\/lk-d10-img-1-768x768-1.jpg\" alt=\"\" width=\"768\" height=\"768\" \/><\/p>\n<p><img loading=\"lazy\" decoding=\"async\" class=\"size-large wp-image-467 aligncenter\" src=\"https:\/\/estec.com.ua\/ro\/wp-content\/uploads\/sites\/5\/2020\/01\/lk-d10-2-img-2-1024x768.jpg\" alt=\"\u0422\u0440\u0430\u043d\u0441\u043f\u043e\u0440\u0442\u0438\u0440\u043e\u0432\u043a\u0430 \u043f\u0440\u043e\u0434\u0443\u043a\u0442\u0430\" width=\"580\" height=\"435\" \/><\/p>\n<p><img loading=\"lazy\" decoding=\"async\" class=\"size-large wp-image-466 aligncenter\" src=\"https:\/\/estec.com.ua\/ro\/wp-content\/uploads\/sites\/5\/2020\/01\/lk-d10-2-img-1-1024x768.jpg\" alt=\"\u0422\u0440\u0430\u043d\u0441\u043f\u043e\u0440\u0442\u0438\u0440\u043e\u0432\u043a\u0430 \u043f\u0440\u043e\u0434\u0443\u043a\u0442\u0430\" width=\"580\" height=\"435\" \/><\/p>\n<hr \/>\n<h3 style=\"text-align: center;\">Sunte\u021bi interesat?<\/h3>\n<h3 style=\"text-align: center;\">Anun\u021ba\u021bi-ne \u0219i v\u0103 vom contacta imediat.<\/h3>\n[\/vc_column_text][\/vc_column][\/vc_row]<p class=\"wpcf7-contact-form-not-found\"><strong>Eroare:<\/strong> Nu am g\u0103sit formularul de contact.<\/p>\n","protected":false},"excerpt":{"rendered":"<p>[vc_row type=&#8221;in_container&#8221; full_screen_row_position=&#8221;middle&#8221; column_margin=&#8221;default&#8221; scene_position=&#8221;center&#8221; text_color=&#8221;dark&#8221; text_align=&#8221;left&#8221; overlay_strength=&#8221;0.3&#8243; shape_divider_position=&#8221;bottom&#8221; bg_image_animation=&#8221;none&#8221;][vc_column column_padding=&#8221;no-extra-padding&#8221; column_padding_position=&#8221;all&#8221; background_color_opacity=&#8221;1&#8243; background_hover_color_opacity=&#8221;1&#8243; column_link_target=&#8221;_self&#8221; column_shadow=&#8221;none&#8221; column_border_radius=&#8221;none&#8221; width=&#8221;1\/1&#8243; tablet_width_inherit=&#8221;default&#8221; tablet_text_alignment=&#8221;default&#8221; phone_text_alignment=&#8221;default&#8221; overlay_strength=&#8221;0.3&#8243; column_border_width=&#8221;none&#8221; column_border_style=&#8221;solid&#8221; bg_image_animation=&#8221;none&#8221;][vc_column_text] Sunte\u021bi interesat? Anun\u021ba\u021bi-ne \u0219i v\u0103&#8230;<\/p>\n","protected":false},"author":1,"featured_media":0,"parent":17,"menu_order":2,"comment_status":"closed","ping_status":"closed","template":"","meta":{"footnotes":""},"class_list":["post-318","page","type-page","status-publish"],"yoast_head":"<!-- This site is optimized with the Yoast SEO plugin v25.6 - https:\/\/yoast.com\/wordpress\/plugins\/seo\/ -->\n<title>Logistic\u0103 de produse LK-D10 \u1405 Conveior de \u00eenalt\u0103 eficien\u021b\u0103 | EST<\/title>\n<meta name=\"description\" content=\"Logistic\u0103 de produse de \u00eenalt\u0103 calitate (conveior) LK-D10 de la produc\u0103torul EST \u25b7 Tehnologie inovativ\u0103 \u25b7 Transport eficient \u25b7 Construc\u021bie fiabil\u0103 \u25b7 Calitate garantat\u0103 \u25b7 Contacta\u021bi-ne ast\u0103zi\" \/>\n<meta name=\"robots\" content=\"index, follow, max-snippet:-1, max-image-preview:large, max-video-preview:-1\" \/>\n<link rel=\"canonical\" href=\"https:\/\/estec.com.ua\/ro\/echipamente-auxiliare\/logistica-de-produse-conveior-lk-d10\/\" \/>\n<meta property=\"og:locale\" content=\"ro_RO\" \/>\n<meta property=\"og:type\" content=\"article\" \/>\n<meta property=\"og:title\" content=\"Logistic\u0103 de produse LK-D10 \u1405 Conveior de \u00eenalt\u0103 eficien\u021b\u0103 | EST\" \/>\n<meta property=\"og:description\" content=\"Logistic\u0103 de produse de \u00eenalt\u0103 calitate (conveior) LK-D10 de la produc\u0103torul EST \u25b7 Tehnologie inovativ\u0103 \u25b7 Transport eficient \u25b7 Construc\u021bie fiabil\u0103 \u25b7 Calitate garantat\u0103 \u25b7 Contacta\u021bi-ne ast\u0103zi\" \/>\n<meta property=\"og:url\" content=\"https:\/\/estec.com.ua\/ro\/echipamente-auxiliare\/logistica-de-produse-conveior-lk-d10\/\" \/>\n<meta property=\"og:site_name\" content=\"EST - Liderii solu\u021biilor inovatoare\" \/>\n<meta property=\"article:modified_time\" content=\"2025-05-11T07:43:23+00:00\" \/>\n<meta property=\"og:image\" content=\"https:\/\/estec.com.ua\/ro\/wp-content\/uploads\/sites\/5\/2021\/10\/lk-d10-img-1-768x768-1.jpg\" \/>\n<meta name=\"twitter:card\" content=\"summary_large_image\" \/>\n<meta name=\"twitter:label1\" content=\"Timp estimat pentru citire\" \/>\n\t<meta name=\"twitter:data1\" content=\"1 minut\" \/>\n<!-- \/ Yoast SEO plugin. -->","yoast_head_json":{"title":"Logistic\u0103 de produse LK-D10 \u1405 Conveior de \u00eenalt\u0103 eficien\u021b\u0103 | EST","description":"Logistic\u0103 de produse de \u00eenalt\u0103 calitate (conveior) LK-D10 de la produc\u0103torul EST \u25b7 Tehnologie inovativ\u0103 \u25b7 Transport eficient \u25b7 Construc\u021bie fiabil\u0103 \u25b7 Calitate garantat\u0103 \u25b7 Contacta\u021bi-ne ast\u0103zi","robots":{"index":"index","follow":"follow","max-snippet":"max-snippet:-1","max-image-preview":"max-image-preview:large","max-video-preview":"max-video-preview:-1"},"canonical":"https:\/\/estec.com.ua\/ro\/echipamente-auxiliare\/logistica-de-produse-conveior-lk-d10\/","og_locale":"ro_RO","og_type":"article","og_title":"Logistic\u0103 de produse LK-D10 \u1405 Conveior de \u00eenalt\u0103 eficien\u021b\u0103 | EST","og_description":"Logistic\u0103 de produse de \u00eenalt\u0103 calitate (conveior) LK-D10 de la produc\u0103torul EST \u25b7 Tehnologie inovativ\u0103 \u25b7 Transport eficient \u25b7 Construc\u021bie fiabil\u0103 \u25b7 Calitate garantat\u0103 \u25b7 Contacta\u021bi-ne ast\u0103zi","og_url":"https:\/\/estec.com.ua\/ro\/echipamente-auxiliare\/logistica-de-produse-conveior-lk-d10\/","og_site_name":"EST - Liderii solu\u021biilor inovatoare","article_modified_time":"2025-05-11T07:43:23+00:00","og_image":[{"url":"https:\/\/estec.com.ua\/ro\/wp-content\/uploads\/sites\/5\/2021\/10\/lk-d10-img-1-768x768-1.jpg","type":"","width":"","height":""}],"twitter_card":"summary_large_image","twitter_misc":{"Timp estimat pentru citire":"1 minut"},"schema":{"@context":"https:\/\/schema.org","@graph":[{"@type":"WebPage","@id":"https:\/\/estec.com.ua\/ro\/echipamente-auxiliare\/logistica-de-produse-conveior-lk-d10\/","url":"https:\/\/estec.com.ua\/ro\/echipamente-auxiliare\/logistica-de-produse-conveior-lk-d10\/","name":"Logistic\u0103 de produse LK-D10 \u1405 Conveior de \u00eenalt\u0103 eficien\u021b\u0103 | EST","isPartOf":{"@id":"https:\/\/estec.com.ua\/ro\/#website"},"primaryImageOfPage":{"@id":"https:\/\/estec.com.ua\/ro\/echipamente-auxiliare\/logistica-de-produse-conveior-lk-d10\/#primaryimage"},"image":{"@id":"https:\/\/estec.com.ua\/ro\/echipamente-auxiliare\/logistica-de-produse-conveior-lk-d10\/#primaryimage"},"thumbnailUrl":"https:\/\/estec.com.ua\/ro\/wp-content\/uploads\/sites\/5\/2021\/10\/lk-d10-img-1-768x768-1.jpg","datePublished":"2020-01-24T14:39:24+00:00","dateModified":"2025-05-11T07:43:23+00:00","description":"Logistic\u0103 de produse de \u00eenalt\u0103 calitate (conveior) LK-D10 de la produc\u0103torul EST \u25b7 Tehnologie inovativ\u0103 \u25b7 Transport eficient \u25b7 Construc\u021bie fiabil\u0103 \u25b7 Calitate garantat\u0103 \u25b7 Contacta\u021bi-ne ast\u0103zi","breadcrumb":{"@id":"https:\/\/estec.com.ua\/ro\/echipamente-auxiliare\/logistica-de-produse-conveior-lk-d10\/#breadcrumb"},"inLanguage":"ro-RO","potentialAction":[{"@type":"ReadAction","target":["https:\/\/estec.com.ua\/ro\/echipamente-auxiliare\/logistica-de-produse-conveior-lk-d10\/"]}]},{"@type":"ImageObject","inLanguage":"ro-RO","@id":"https:\/\/estec.com.ua\/ro\/echipamente-auxiliare\/logistica-de-produse-conveior-lk-d10\/#primaryimage","url":"","contentUrl":""},{"@type":"BreadcrumbList","@id":"https:\/\/estec.com.ua\/ro\/echipamente-auxiliare\/logistica-de-produse-conveior-lk-d10\/#breadcrumb","itemListElement":[{"@type":"ListItem","position":1,"name":"\u0413\u043e\u043b\u043e\u0432\u043d\u0430","item":"https:\/\/estec.com.ua\/ro\/"},{"@type":"ListItem","position":2,"name":"Echipamente auxiliare","item":"https:\/\/estec.com.ua\/ro\/echipamente-auxiliare\/"},{"@type":"ListItem","position":3,"name":"Logistic\u0103 de produse (conveior) LK-D10"}]},{"@type":"WebSite","@id":"https:\/\/estec.com.ua\/ro\/#website","url":"https:\/\/estec.com.ua\/ro\/","name":"EST - Liderii solu\u021biilor inovatoare","description":"Produc\u021bia de echipamente inovatoare pentru industria alimentar\u0103","potentialAction":[{"@type":"SearchAction","target":{"@type":"EntryPoint","urlTemplate":"https:\/\/estec.com.ua\/ro\/?s={search_term_string}"},"query-input":{"@type":"PropertyValueSpecification","valueRequired":true,"valueName":"search_term_string"}}],"inLanguage":"ro-RO"}]}},"_links":{"self":[{"href":"https:\/\/estec.com.ua\/ro\/wp-json\/wp\/v2\/pages\/318","targetHints":{"allow":["GET"]}}],"collection":[{"href":"https:\/\/estec.com.ua\/ro\/wp-json\/wp\/v2\/pages"}],"about":[{"href":"https:\/\/estec.com.ua\/ro\/wp-json\/wp\/v2\/types\/page"}],"author":[{"embeddable":true,"href":"https:\/\/estec.com.ua\/ro\/wp-json\/wp\/v2\/users\/1"}],"replies":[{"embeddable":true,"href":"https:\/\/estec.com.ua\/ro\/wp-json\/wp\/v2\/comments?post=318"}],"version-history":[{"count":4,"href":"https:\/\/estec.com.ua\/ro\/wp-json\/wp\/v2\/pages\/318\/revisions"}],"predecessor-version":[{"id":2769,"href":"https:\/\/estec.com.ua\/ro\/wp-json\/wp\/v2\/pages\/318\/revisions\/2769"}],"up":[{"embeddable":true,"href":"https:\/\/estec.com.ua\/ro\/wp-json\/wp\/v2\/pages\/17"}],"wp:attachment":[{"href":"https:\/\/estec.com.ua\/ro\/wp-json\/wp\/v2\/media?parent=318"}],"curies":[{"name":"wp","href":"https:\/\/api.w.org\/{rel}","templated":true}]}}