{"id":74,"date":"2020-01-17T16:33:16","date_gmt":"2020-01-17T13:33:16","guid":{"rendered":"https:\/\/estec.com.ua\/ro\/?page_id=74"},"modified":"2025-05-09T14:43:40","modified_gmt":"2025-05-09T11:43:40","slug":"intretinere-si-service","status":"publish","type":"page","link":"https:\/\/estec.com.ua\/ro\/intretinere-si-service\/","title":{"rendered":"\u00centre\u021binere \u0219i service"},"content":{"rendered":"<ul>\n<li>Instalare, punere \u00een func\u021biune \u0219i configurare a echipamentelor<\/li>\n<li>\u00centre\u021binere post-garan\u021bie<\/li>\n<li>Sudur\u0103 cu arc electric \u00een mediu de argon<\/li>\n<li>Reconstruc\u021bia ma\u0219inilor de vid<\/li>\n<li>Proiect individual<\/li>\n<li>Fabricarea pl\u0103cilor de filtru<\/li>\n<\/ul>\n<div id=\"gtx-trans\" style=\"position: absolute; left: 40px; top: 120px;\">\n<div class=\"gtx-trans-icon\"><\/div>\n<\/div>\n","protected":false},"excerpt":{"rendered":"<p>Instalare, punere \u00een func\u021biune \u0219i configurare a echipamentelor \u00centre\u021binere post-garan\u021bie Sudur\u0103 cu arc electric \u00een mediu de argon Reconstruc\u021bia ma\u0219inilor de vid Proiect individual Fabricarea pl\u0103cilor de filtru<\/p>\n","protected":false},"author":1,"featured_media":0,"parent":0,"menu_order":8,"comment_status":"closed","ping_status":"closed","template":"","meta":{"footnotes":""},"class_list":["post-74","page","type-page","status-publish"],"yoast_head":"<!-- This site is optimized with the Yoast SEO plugin v25.6 - https:\/\/yoast.com\/wordpress\/plugins\/seo\/ -->\n<title>Service \u0219i mentenan\u021b\u0103 \u1405 \u00centre\u021binere profesional\u0103 a echipamentelor | EST<\/title>\n<meta name=\"description\" content=\"Service \u0219i mentenan\u021b\u0103 de \u00eenalt\u0103 calitate de la produc\u0103torul EST \u25b7 Echip\u0103 profesional\u0103 \u25b7 Reac\u021bie rapid\u0103 \u25b7 Diagnoz\u0103 expert\u0103 \u25b7 Calitate garantat\u0103 \u25b7 Contacta\u021bi-ne ast\u0103zi\" \/>\n<meta name=\"robots\" content=\"index, follow, max-snippet:-1, max-image-preview:large, max-video-preview:-1\" \/>\n<link rel=\"canonical\" href=\"https:\/\/estec.com.ua\/ro\/intretinere-si-service\/\" \/>\n<meta property=\"og:locale\" content=\"ro_RO\" \/>\n<meta property=\"og:type\" content=\"article\" \/>\n<meta property=\"og:title\" content=\"Service \u0219i mentenan\u021b\u0103 \u1405 \u00centre\u021binere profesional\u0103 a echipamentelor | EST\" \/>\n<meta property=\"og:description\" content=\"Service \u0219i mentenan\u021b\u0103 de \u00eenalt\u0103 calitate de la produc\u0103torul EST \u25b7 Echip\u0103 profesional\u0103 \u25b7 Reac\u021bie rapid\u0103 \u25b7 Diagnoz\u0103 expert\u0103 \u25b7 Calitate garantat\u0103 \u25b7 Contacta\u021bi-ne ast\u0103zi\" \/>\n<meta property=\"og:url\" content=\"https:\/\/estec.com.ua\/ro\/intretinere-si-service\/\" \/>\n<meta property=\"og:site_name\" content=\"EST - Liderii solu\u021biilor inovatoare\" \/>\n<meta property=\"article:modified_time\" content=\"2025-05-09T11:43:40+00:00\" \/>\n<meta name=\"twitter:card\" content=\"summary_large_image\" \/>\n<meta name=\"twitter:label1\" content=\"Timp estimat pentru citire\" \/>\n\t<meta name=\"twitter:data1\" content=\"1 minut\" \/>\n<!-- \/ Yoast SEO plugin. -->","yoast_head_json":{"title":"Service \u0219i mentenan\u021b\u0103 \u1405 \u00centre\u021binere profesional\u0103 a echipamentelor | EST","description":"Service \u0219i mentenan\u021b\u0103 de \u00eenalt\u0103 calitate de la produc\u0103torul EST \u25b7 Echip\u0103 profesional\u0103 \u25b7 Reac\u021bie rapid\u0103 \u25b7 Diagnoz\u0103 expert\u0103 \u25b7 Calitate garantat\u0103 \u25b7 Contacta\u021bi-ne ast\u0103zi","robots":{"index":"index","follow":"follow","max-snippet":"max-snippet:-1","max-image-preview":"max-image-preview:large","max-video-preview":"max-video-preview:-1"},"canonical":"https:\/\/estec.com.ua\/ro\/intretinere-si-service\/","og_locale":"ro_RO","og_type":"article","og_title":"Service \u0219i mentenan\u021b\u0103 \u1405 \u00centre\u021binere profesional\u0103 a echipamentelor | EST","og_description":"Service \u0219i mentenan\u021b\u0103 de \u00eenalt\u0103 calitate de la produc\u0103torul EST \u25b7 Echip\u0103 profesional\u0103 \u25b7 Reac\u021bie rapid\u0103 \u25b7 Diagnoz\u0103 expert\u0103 \u25b7 Calitate garantat\u0103 \u25b7 Contacta\u021bi-ne ast\u0103zi","og_url":"https:\/\/estec.com.ua\/ro\/intretinere-si-service\/","og_site_name":"EST - Liderii solu\u021biilor inovatoare","article_modified_time":"2025-05-09T11:43:40+00:00","twitter_card":"summary_large_image","twitter_misc":{"Timp estimat pentru citire":"1 minut"},"schema":{"@context":"https:\/\/schema.org","@graph":[{"@type":"WebPage","@id":"https:\/\/estec.com.ua\/ro\/intretinere-si-service\/","url":"https:\/\/estec.com.ua\/ro\/intretinere-si-service\/","name":"Service \u0219i mentenan\u021b\u0103 \u1405 \u00centre\u021binere profesional\u0103 a echipamentelor | EST","isPartOf":{"@id":"https:\/\/estec.com.ua\/ro\/#website"},"datePublished":"2020-01-17T13:33:16+00:00","dateModified":"2025-05-09T11:43:40+00:00","description":"Service \u0219i mentenan\u021b\u0103 de \u00eenalt\u0103 calitate de la produc\u0103torul EST \u25b7 Echip\u0103 profesional\u0103 \u25b7 Reac\u021bie rapid\u0103 \u25b7 Diagnoz\u0103 expert\u0103 \u25b7 Calitate garantat\u0103 \u25b7 Contacta\u021bi-ne ast\u0103zi","breadcrumb":{"@id":"https:\/\/estec.com.ua\/ro\/intretinere-si-service\/#breadcrumb"},"inLanguage":"ro-RO","potentialAction":[{"@type":"ReadAction","target":["https:\/\/estec.com.ua\/ro\/intretinere-si-service\/"]}]},{"@type":"BreadcrumbList","@id":"https:\/\/estec.com.ua\/ro\/intretinere-si-service\/#breadcrumb","itemListElement":[{"@type":"ListItem","position":1,"name":"\u0413\u043e\u043b\u043e\u0432\u043d\u0430","item":"https:\/\/estec.com.ua\/ro\/"},{"@type":"ListItem","position":2,"name":"\u00centre\u021binere \u0219i service"}]},{"@type":"WebSite","@id":"https:\/\/estec.com.ua\/ro\/#website","url":"https:\/\/estec.com.ua\/ro\/","name":"EST - Liderii solu\u021biilor inovatoare","description":"Produc\u021bia de echipamente inovatoare pentru industria alimentar\u0103","potentialAction":[{"@type":"SearchAction","target":{"@type":"EntryPoint","urlTemplate":"https:\/\/estec.com.ua\/ro\/?s={search_term_string}"},"query-input":{"@type":"PropertyValueSpecification","valueRequired":true,"valueName":"search_term_string"}}],"inLanguage":"ro-RO"}]}},"_links":{"self":[{"href":"https:\/\/estec.com.ua\/ro\/wp-json\/wp\/v2\/pages\/74","targetHints":{"allow":["GET"]}}],"collection":[{"href":"https:\/\/estec.com.ua\/ro\/wp-json\/wp\/v2\/pages"}],"about":[{"href":"https:\/\/estec.com.ua\/ro\/wp-json\/wp\/v2\/types\/page"}],"author":[{"embeddable":true,"href":"https:\/\/estec.com.ua\/ro\/wp-json\/wp\/v2\/users\/1"}],"replies":[{"embeddable":true,"href":"https:\/\/estec.com.ua\/ro\/wp-json\/wp\/v2\/comments?post=74"}],"version-history":[{"count":3,"href":"https:\/\/estec.com.ua\/ro\/wp-json\/wp\/v2\/pages\/74\/revisions"}],"predecessor-version":[{"id":2679,"href":"https:\/\/estec.com.ua\/ro\/wp-json\/wp\/v2\/pages\/74\/revisions\/2679"}],"wp:attachment":[{"href":"https:\/\/estec.com.ua\/ro\/wp-json\/wp\/v2\/media?parent=74"}],"curies":[{"name":"wp","href":"https:\/\/api.w.org\/{rel}","templated":true}]}}