{"id":838,"date":"2020-03-10T17:16:24","date_gmt":"2020-03-10T14:16:24","guid":{"rendered":"https:\/\/estec.com.ua\/ro\/?page_id=838"},"modified":"2025-05-09T14:44:54","modified_gmt":"2025-05-09T11:44:54","slug":"despre-companie","status":"publish","type":"page","link":"https:\/\/estec.com.ua\/ro\/despre-companie\/","title":{"rendered":"Despre companie"},"content":{"rendered":"[vc_row type=&#8221;in_container&#8221; full_screen_row_position=&#8221;middle&#8221; column_margin=&#8221;default&#8221; scene_position=&#8221;center&#8221; text_color=&#8221;dark&#8221; text_align=&#8221;left&#8221; overlay_strength=&#8221;0.3&#8243; shape_divider_position=&#8221;bottom&#8221; bg_image_animation=&#8221;none&#8221;][vc_column column_padding=&#8221;no-extra-padding&#8221; column_padding_position=&#8221;all&#8221; background_color_opacity=&#8221;1&#8243; background_hover_color_opacity=&#8221;1&#8243; column_link_target=&#8221;_self&#8221; column_shadow=&#8221;none&#8221; column_border_radius=&#8221;none&#8221; width=&#8221;1\/2&#8243; tablet_width_inherit=&#8221;default&#8221; tablet_text_alignment=&#8221;default&#8221; phone_text_alignment=&#8221;default&#8221; overlay_strength=&#8221;0.3&#8243; column_border_width=&#8221;none&#8221; column_border_style=&#8221;solid&#8221; bg_image_animation=&#8221;none&#8221;][vc_column_text]<strong>Neobi\u0219nuit despre companie:<\/strong><br \/>\nNu suntem produc\u0103tori tipici de echipamente.<br \/>\nNu facem oferte standard \u0219i nu execut\u0103m lucr\u0103ri tipice.<br \/>\nEchipa noastr\u0103 este o fuziune de speciali\u0219ti din diferite domenii care creeaz\u0103 o solu\u021bie integrat\u0103 unic\u0103.<br \/>\nAceast\u0103 structur\u0103 ofer\u0103 clien\u021bilor no\u0219tri flexibilitate \u0219i individualitate maxim\u0103 \u00een crearea fiec\u0103rui proiect specific.<br \/>\nEchipamentele reprezint\u0103 doar 1\/3 din proiectele noastre zilnice; tot restul \u00eenseamn\u0103 lucrul cu tehnologia la un nivel mai profund.<br \/>\nDe aceea suntem creatorii de solu\u021bii &#8222;vii&#8221;![\/vc_column_text][\/vc_column][vc_column column_padding=&#8221;no-extra-padding&#8221; column_padding_position=&#8221;all&#8221; background_color_opacity=&#8221;1&#8243; background_hover_color_opacity=&#8221;1&#8243; column_link_target=&#8221;_self&#8221; column_shadow=&#8221;none&#8221; column_border_radius=&#8221;none&#8221; width=&#8221;1\/2&#8243; tablet_width_inherit=&#8221;default&#8221; tablet_text_alignment=&#8221;default&#8221; phone_text_alignment=&#8221;default&#8221; overlay_strength=&#8221;0.3&#8243; column_border_width=&#8221;none&#8221; column_border_style=&#8221;solid&#8221; bg_image_animation=&#8221;none&#8221;][vc_column_text]<img loading=\"lazy\" decoding=\"async\" class=\"wp-image-2550 aligncenter\" src=\"https:\/\/estec.com.ua\/ro\/wp-content\/uploads\/sites\/5\/2023\/11\/Angl-300x258.png\" alt=\"\" width=\"543\" height=\"467\" \/>[\/vc_column_text][\/vc_column][\/vc_row][vc_row type=&#8221;in_container&#8221; full_screen_row_position=&#8221;middle&#8221; column_margin=&#8221;default&#8221; scene_position=&#8221;center&#8221; text_color=&#8221;dark&#8221; text_align=&#8221;left&#8221; overlay_strength=&#8221;0.3&#8243; shape_divider_position=&#8221;bottom&#8221; bg_image_animation=&#8221;none&#8221;][vc_column column_padding=&#8221;no-extra-padding&#8221; column_padding_position=&#8221;all&#8221; background_color_opacity=&#8221;1&#8243; background_hover_color_opacity=&#8221;1&#8243; column_link_target=&#8221;_self&#8221; column_shadow=&#8221;none&#8221; column_border_radius=&#8221;none&#8221; width=&#8221;1\/1&#8243; tablet_width_inherit=&#8221;default&#8221; tablet_text_alignment=&#8221;default&#8221; phone_text_alignment=&#8221;default&#8221; overlay_strength=&#8221;0.3&#8243; column_border_width=&#8221;none&#8221; column_border_style=&#8221;solid&#8221; bg_image_animation=&#8221;none&#8221;][vc_video link=&#8221;https:\/\/youtu.be\/PDjZIrlLVUQ&#8221;][\/vc_column][\/vc_row]\n","protected":false},"excerpt":{"rendered":"<p>[vc_row type=&#8221;in_container&#8221; full_screen_row_position=&#8221;middle&#8221; column_margin=&#8221;default&#8221; scene_position=&#8221;center&#8221; text_color=&#8221;dark&#8221; text_align=&#8221;left&#8221; overlay_strength=&#8221;0.3&#8243; shape_divider_position=&#8221;bottom&#8221; bg_image_animation=&#8221;none&#8221;][vc_column column_padding=&#8221;no-extra-padding&#8221; column_padding_position=&#8221;all&#8221; background_color_opacity=&#8221;1&#8243; background_hover_color_opacity=&#8221;1&#8243; column_link_target=&#8221;_self&#8221; column_shadow=&#8221;none&#8221; column_border_radius=&#8221;none&#8221; width=&#8221;1\/2&#8243; tablet_width_inherit=&#8221;default&#8221; tablet_text_alignment=&#8221;default&#8221; phone_text_alignment=&#8221;default&#8221; overlay_strength=&#8221;0.3&#8243; column_border_width=&#8221;none&#8221; column_border_style=&#8221;solid&#8221; bg_image_animation=&#8221;none&#8221;][vc_column_text]Neobi\u0219nuit despre companie: Nu suntem produc\u0103tori&#8230;<\/p>\n","protected":false},"author":1,"featured_media":0,"parent":0,"menu_order":9,"comment_status":"closed","ping_status":"closed","template":"","meta":{"footnotes":""},"class_list":["post-838","page","type-page","status-publish"],"yoast_head":"<!-- This site is optimized with the Yoast SEO plugin v25.6 - https:\/\/yoast.com\/wordpress\/plugins\/seo\/ -->\n<title>Despre companie \u1405 Istoria \u0219i misiunea EST | Solu\u021bii de inginerie<\/title>\n<meta name=\"description\" content=\"Cunoa\u0219te\u021bi EST - produc\u0103tor lider de echipamente pentru industria alimentar\u0103 \u25b7 Tehnologii inovative \u25b7 Solu\u021bii de \u00eenalt\u0103 calitate \u25b7 Experien\u021b\u0103 dovedit\u0103 \u25b7 Prezen\u021b\u0103 interna\u021bional\u0103 \u25b7 Contacta\u021bi-ne ast\u0103zi\" \/>\n<meta name=\"robots\" content=\"index, follow, max-snippet:-1, max-image-preview:large, max-video-preview:-1\" \/>\n<link rel=\"canonical\" href=\"https:\/\/estec.com.ua\/ro\/despre-companie\/\" \/>\n<meta property=\"og:locale\" content=\"ro_RO\" \/>\n<meta property=\"og:type\" content=\"article\" \/>\n<meta property=\"og:title\" content=\"Despre companie \u1405 Istoria \u0219i misiunea EST | Solu\u021bii de inginerie\" \/>\n<meta property=\"og:description\" content=\"Cunoa\u0219te\u021bi EST - produc\u0103tor lider de echipamente pentru industria alimentar\u0103 \u25b7 Tehnologii inovative \u25b7 Solu\u021bii de \u00eenalt\u0103 calitate \u25b7 Experien\u021b\u0103 dovedit\u0103 \u25b7 Prezen\u021b\u0103 interna\u021bional\u0103 \u25b7 Contacta\u021bi-ne ast\u0103zi\" \/>\n<meta property=\"og:url\" content=\"https:\/\/estec.com.ua\/ro\/despre-companie\/\" \/>\n<meta property=\"og:site_name\" content=\"EST - Liderii solu\u021biilor inovatoare\" \/>\n<meta property=\"article:modified_time\" content=\"2025-05-09T11:44:54+00:00\" \/>\n<meta property=\"og:image\" content=\"https:\/\/estec.com.ua\/ro\/wp-content\/uploads\/sites\/5\/2023\/11\/Angl-300x258.png\" \/>\n<meta name=\"twitter:card\" content=\"summary_large_image\" \/>\n<meta name=\"twitter:label1\" content=\"Timp estimat pentru citire\" \/>\n\t<meta name=\"twitter:data1\" content=\"1 minut\" \/>\n<!-- \/ Yoast SEO plugin. -->","yoast_head_json":{"title":"Despre companie \u1405 Istoria \u0219i misiunea EST | Solu\u021bii de inginerie","description":"Cunoa\u0219te\u021bi EST - produc\u0103tor lider de echipamente pentru industria alimentar\u0103 \u25b7 Tehnologii inovative \u25b7 Solu\u021bii de \u00eenalt\u0103 calitate \u25b7 Experien\u021b\u0103 dovedit\u0103 \u25b7 Prezen\u021b\u0103 interna\u021bional\u0103 \u25b7 Contacta\u021bi-ne ast\u0103zi","robots":{"index":"index","follow":"follow","max-snippet":"max-snippet:-1","max-image-preview":"max-image-preview:large","max-video-preview":"max-video-preview:-1"},"canonical":"https:\/\/estec.com.ua\/ro\/despre-companie\/","og_locale":"ro_RO","og_type":"article","og_title":"Despre companie \u1405 Istoria \u0219i misiunea EST | Solu\u021bii de inginerie","og_description":"Cunoa\u0219te\u021bi EST - produc\u0103tor lider de echipamente pentru industria alimentar\u0103 \u25b7 Tehnologii inovative \u25b7 Solu\u021bii de \u00eenalt\u0103 calitate \u25b7 Experien\u021b\u0103 dovedit\u0103 \u25b7 Prezen\u021b\u0103 interna\u021bional\u0103 \u25b7 Contacta\u021bi-ne ast\u0103zi","og_url":"https:\/\/estec.com.ua\/ro\/despre-companie\/","og_site_name":"EST - Liderii solu\u021biilor inovatoare","article_modified_time":"2025-05-09T11:44:54+00:00","og_image":[{"url":"https:\/\/estec.com.ua\/ro\/wp-content\/uploads\/sites\/5\/2023\/11\/Angl-300x258.png","type":"","width":"","height":""}],"twitter_card":"summary_large_image","twitter_misc":{"Timp estimat pentru citire":"1 minut"},"schema":{"@context":"https:\/\/schema.org","@graph":[{"@type":"WebPage","@id":"https:\/\/estec.com.ua\/ro\/despre-companie\/","url":"https:\/\/estec.com.ua\/ro\/despre-companie\/","name":"Despre companie \u1405 Istoria \u0219i misiunea EST | Solu\u021bii de inginerie","isPartOf":{"@id":"https:\/\/estec.com.ua\/ro\/#website"},"primaryImageOfPage":{"@id":"https:\/\/estec.com.ua\/ro\/despre-companie\/#primaryimage"},"image":{"@id":"https:\/\/estec.com.ua\/ro\/despre-companie\/#primaryimage"},"thumbnailUrl":"https:\/\/estec.com.ua\/ro\/wp-content\/uploads\/sites\/5\/2023\/11\/Angl-300x258.png","datePublished":"2020-03-10T14:16:24+00:00","dateModified":"2025-05-09T11:44:54+00:00","description":"Cunoa\u0219te\u021bi EST - produc\u0103tor lider de echipamente pentru industria alimentar\u0103 \u25b7 Tehnologii inovative \u25b7 Solu\u021bii de \u00eenalt\u0103 calitate \u25b7 Experien\u021b\u0103 dovedit\u0103 \u25b7 Prezen\u021b\u0103 interna\u021bional\u0103 \u25b7 Contacta\u021bi-ne ast\u0103zi","breadcrumb":{"@id":"https:\/\/estec.com.ua\/ro\/despre-companie\/#breadcrumb"},"inLanguage":"ro-RO","potentialAction":[{"@type":"ReadAction","target":["https:\/\/estec.com.ua\/ro\/despre-companie\/"]}]},{"@type":"ImageObject","inLanguage":"ro-RO","@id":"https:\/\/estec.com.ua\/ro\/despre-companie\/#primaryimage","url":"","contentUrl":""},{"@type":"BreadcrumbList","@id":"https:\/\/estec.com.ua\/ro\/despre-companie\/#breadcrumb","itemListElement":[{"@type":"ListItem","position":1,"name":"\u0413\u043e\u043b\u043e\u0432\u043d\u0430","item":"https:\/\/estec.com.ua\/ro\/"},{"@type":"ListItem","position":2,"name":"Despre companie"}]},{"@type":"WebSite","@id":"https:\/\/estec.com.ua\/ro\/#website","url":"https:\/\/estec.com.ua\/ro\/","name":"EST - Liderii solu\u021biilor inovatoare","description":"Produc\u021bia de echipamente inovatoare pentru industria alimentar\u0103","potentialAction":[{"@type":"SearchAction","target":{"@type":"EntryPoint","urlTemplate":"https:\/\/estec.com.ua\/ro\/?s={search_term_string}"},"query-input":{"@type":"PropertyValueSpecification","valueRequired":true,"valueName":"search_term_string"}}],"inLanguage":"ro-RO"}]}},"_links":{"self":[{"href":"https:\/\/estec.com.ua\/ro\/wp-json\/wp\/v2\/pages\/838","targetHints":{"allow":["GET"]}}],"collection":[{"href":"https:\/\/estec.com.ua\/ro\/wp-json\/wp\/v2\/pages"}],"about":[{"href":"https:\/\/estec.com.ua\/ro\/wp-json\/wp\/v2\/types\/page"}],"author":[{"embeddable":true,"href":"https:\/\/estec.com.ua\/ro\/wp-json\/wp\/v2\/users\/1"}],"replies":[{"embeddable":true,"href":"https:\/\/estec.com.ua\/ro\/wp-json\/wp\/v2\/comments?post=838"}],"version-history":[{"count":1,"href":"https:\/\/estec.com.ua\/ro\/wp-json\/wp\/v2\/pages\/838\/revisions"}],"predecessor-version":[{"id":2681,"href":"https:\/\/estec.com.ua\/ro\/wp-json\/wp\/v2\/pages\/838\/revisions\/2681"}],"wp:attachment":[{"href":"https:\/\/estec.com.ua\/ro\/wp-json\/wp\/v2\/media?parent=838"}],"curies":[{"name":"wp","href":"https:\/\/api.w.org\/{rel}","templated":true}]}}